{"id":78,"date":"2017-12-12T11:24:21","date_gmt":"2017-12-12T15:24:21","guid":{"rendered":"http:\/\/ayuntamiento.guineo\/transparencia\/?page_id=78"},"modified":"2022-05-12T12:08:26","modified_gmt":"2022-05-12T16:08:26","slug":"definicion-oaim-oficina-de-acceso-a-la-informacion-municipal","status":"publish","type":"page","link":"https:\/\/juntadistritalellimon.gob.do\/transparencia\/definicion-oaim-oficina-de-acceso-a-la-informacion-municipal\/","title":{"rendered":"Definici\u00f3n OAIM (Oficina de Acceso a la Informaci\u00f3n Municipal)"},"content":{"rendered":"<p>La Oficina de Acceso a la Informaci\u00f3n (OAI), es un mandato de la Ley General de Libre Acceso a la Informaci\u00f3n P\u00fablica Ley 200-04 y el Decreto No. 130-05 que crea el reglamento de dicha ley, con el objetivo de apoyar a entidades y personas tanto p\u00fablicas como privadas mediante las informaciones solicitadas.<\/p>\n<p><span style=\"color: #000080\"><strong>Misi\u00f3n\u00a0<\/strong><\/span><\/p>\n<p>Promover el desarrollo y la integraci\u00f3n de su territorio, el mejoramiento sociocultural de sus habitantes y la participaci\u00f3n efectiva de las comunidades en el dominio p\u00fablico, en el manejo de los asuntos p\u00fablicos locales, a los fines de obtener como resultado mejorar la calidad de vida, preservando el medio ambiente y la protecci\u00f3n de los espacios de dominio p\u00fablicos.<\/p>\n<p>\u00a0<\/p>\n<p><span style=\"color: #000080\"><strong>VISION:<\/strong><\/span><\/p>\n<p>Propiciar el desarrollo integral sostenible del distrito municipal el lim\u00f3n, gestionando de manera efectiva servicios b\u00e1sicos de calidad y realizando una comunicaci\u00f3n permanente y transparente en el manejo de los recursos p\u00fablicos; siempre velando por la participaci\u00f3n, el bienestar y la seguridad de nuestro pueblo, garantizando la protecci\u00f3n de nuestros recursos naturales.<\/p>\n<p><strong>VALORES:<\/strong><\/p>\n<p><strong><u>Hospitalidad:<\/u><\/strong> tratamos bien y con amabilidad a nuestro pr\u00f3jimo, vecino y\/o visitante, sirviendo a nuestra comunidad siempre.<br \/><br \/><\/p>\n<p><strong><u>Responsabilidad:<\/u><\/strong> somos conscientes del rol que debemos jugar en nuestra comunidad, por lo cual asumimos y cumplimos con nuestras funciones y labores.<br \/>Solidaridad: nos identificamos con las buenas causas, aquellas que nos unen y nos permiten ayudar a quienes m\u00e1s lo necesitan.<\/p>\n<p><strong><u>Transparencia:<\/u><\/strong> estamos comprometidos a realizar con diafanidad un adecuado manejo de los recursos y\/o fondos p\u00fablicos, rindiendo siempre cuenta a nuestros mun\u00edcipes.<br \/>Liderazgo: somos capaces de guiar a nuestros mun\u00edcipes e influenciar en el logro de nuestros objetivos m\u00e1s anhelados.<\/p>\n<p>\u00a0<\/p>\n\n","protected":false},"excerpt":{"rendered":"La Oficina de Acceso a la Informaci\u00f3n (OAI), es un mandato de la Ley General de Libre Acceso a la Informaci\u00f3n P\u00fablica Ley 200-04 y el Decreto No. 130-05 que crea el reglamento de dicha ley, con el objetivo de apoyar a entidades y personas tanto p\u00fablicas como privadas mediante las informaciones solicitadas. Misi\u00f3n\u00a0 Promover&#8230;","protected":false},"author":4,"featured_media":0,"parent":0,"menu_order":0,"comment_status":"closed","ping_status":"closed","template":"","meta":[],"acf":[],"_links":{"self":[{"href":"https:\/\/juntadistritalellimon.gob.do\/transparencia\/wp-json\/wp\/v2\/pages\/78"}],"collection":[{"href":"https:\/\/juntadistritalellimon.gob.do\/transparencia\/wp-json\/wp\/v2\/pages"}],"about":[{"href":"https:\/\/juntadistritalellimon.gob.do\/transparencia\/wp-json\/wp\/v2\/types\/page"}],"author":[{"embeddable":true,"href":"https:\/\/juntadistritalellimon.gob.do\/transparencia\/wp-json\/wp\/v2\/users\/4"}],"replies":[{"embeddable":true,"href":"https:\/\/juntadistritalellimon.gob.do\/transparencia\/wp-json\/wp\/v2\/comments?post=78"}],"version-history":[{"count":4,"href":"https:\/\/juntadistritalellimon.gob.do\/transparencia\/wp-json\/wp\/v2\/pages\/78\/revisions"}],"predecessor-version":[{"id":479,"href":"https:\/\/juntadistritalellimon.gob.do\/transparencia\/wp-json\/wp\/v2\/pages\/78\/revisions\/479"}],"wp:attachment":[{"href":"https:\/\/juntadistritalellimon.gob.do\/transparencia\/wp-json\/wp\/v2\/media?parent=78"}],"curies":[{"name":"wp","href":"https:\/\/api.w.org\/{rel}","templated":true}]}}