{"id":258,"date":"2022-02-23T11:03:40","date_gmt":"2022-02-23T15:03:40","guid":{"rendered":"http:\/\/ayuntamiento.o\/transparencia\/?page_id=258"},"modified":"2025-07-04T12:04:49","modified_gmt":"2025-07-04T16:04:49","slug":"ana-dilia-marchena-frias","status":"publish","type":"page","link":"https:\/\/juntadistritalellimon.gob.do\/transparencia\/ana-dilia-marchena-frias\/","title":{"rendered":"Responsable de Acceso a la Informaci\u00f3n"},"content":{"rendered":"<p class=\"paragraph ng-attr-widget\"><strong>Contacto Responsable Libre Acceso a la Informaci\u00f3n<\/strong><\/p>\n<p class=\"paragraph ng-attr-widget\">\u00a0Arielis Patricia Cepeda Calca\u00f1o.<\/p>\n<p class=\"paragraph ng-attr-widget\"><span style=\"font-size: revert;color: initial\"><strong>Responsable de acceso a la informaci\u00f3n (RAI)<\/strong> <\/span><\/p>\n<p class=\"paragraph ng-attr-widget\"><span style=\"font-size: revert;color: initial\">Tel\u00e9fono: 829-783-4261\u00a0<\/span><\/p>\n<p>Correo electr\u00f3nico: Oiaellimonsamana@gmail.com<\/p>\n\n\n<div class=\"wp-block-file\"><object class=\"wp-block-file__embed\" data=\"https:\/\/juntadistritalellimon.gob.do\/transparencia\/wp-content\/uploads\/2025\/07\/Sen\u0303alizacio\u0301n-oficina-libre-acceso-a-la-informacion-1.pdf\" type=\"application\/pdf\" style=\"width:100%;height:600px\" aria-label=\"Incrustado de Sen\u0303alizacio\u0301n-oficina-libre-acceso-a-la-informacion-1.\"><\/object><a id=\"wp-block-file--media-d2ce05a1-6377-4d55-a86a-0e27697ed062\" href=\"https:\/\/juntadistritalellimon.gob.do\/transparencia\/wp-content\/uploads\/2025\/07\/Sen\u0303alizacio\u0301n-oficina-libre-acceso-a-la-informacion-1.pdf\">Sen\u0303alizacio\u0301n-oficina-libre-acceso-a-la-informacion-1<\/a><a href=\"https:\/\/juntadistritalellimon.gob.do\/transparencia\/wp-content\/uploads\/2025\/07\/Sen\u0303alizacio\u0301n-oficina-libre-acceso-a-la-informacion-1.pdf\" class=\"wp-block-file__button\" download aria-describedby=\"wp-block-file--media-d2ce05a1-6377-4d55-a86a-0e27697ed062\">Descarga<\/a><\/div>\n\n\n","protected":false},"excerpt":{"rendered":"Contacto Responsable Libre Acceso a la Informaci\u00f3n \u00a0Arielis Patricia Cepeda Calca\u00f1o. Responsable de acceso a la informaci\u00f3n (RAI) Tel\u00e9fono: 829-783-4261\u00a0 Correo electr\u00f3nico: Oiaellimonsamana@gmail.com","protected":false},"author":4,"featured_media":0,"parent":0,"menu_order":0,"comment_status":"closed","ping_status":"closed","template":"","meta":[],"acf":[],"_links":{"self":[{"href":"https:\/\/juntadistritalellimon.gob.do\/transparencia\/wp-json\/wp\/v2\/pages\/258"}],"collection":[{"href":"https:\/\/juntadistritalellimon.gob.do\/transparencia\/wp-json\/wp\/v2\/pages"}],"about":[{"href":"https:\/\/juntadistritalellimon.gob.do\/transparencia\/wp-json\/wp\/v2\/types\/page"}],"author":[{"embeddable":true,"href":"https:\/\/juntadistritalellimon.gob.do\/transparencia\/wp-json\/wp\/v2\/users\/4"}],"replies":[{"embeddable":true,"href":"https:\/\/juntadistritalellimon.gob.do\/transparencia\/wp-json\/wp\/v2\/comments?post=258"}],"version-history":[{"count":10,"href":"https:\/\/juntadistritalellimon.gob.do\/transparencia\/wp-json\/wp\/v2\/pages\/258\/revisions"}],"predecessor-version":[{"id":1120,"href":"https:\/\/juntadistritalellimon.gob.do\/transparencia\/wp-json\/wp\/v2\/pages\/258\/revisions\/1120"}],"wp:attachment":[{"href":"https:\/\/juntadistritalellimon.gob.do\/transparencia\/wp-json\/wp\/v2\/media?parent=258"}],"curies":[{"name":"wp","href":"https:\/\/api.w.org\/{rel}","templated":true}]}}